{"id":381,"date":"2022-11-30T16:12:42","date_gmt":"2022-11-30T15:12:42","guid":{"rendered":"https:\/\/savoir.avecnous.eu\/?page_id=381"},"modified":"2025-10-01T11:33:07","modified_gmt":"2025-10-01T09:33:07","slug":"exemples-cas-complexes-avec-taxes","status":"publish","type":"page","link":"https:\/\/savoir.avecnous.eu\/en\/exemples-cas-complexes-avec-taxes\/","title":{"rendered":"Examples of complex cases involving taxes"},"content":{"rendered":"<div class=\"wp-block-group alignwide has-global-padding is-layout-constrained wp-block-group-is-layout-constrained\">\n<div class=\"wp-block-media-text alignwide has-media-on-the-right is-stacked-on-mobile\"><div class=\"wp-block-media-text__content\">\n<p><strong>A customer purchases two products that have different VAT rates.<\/strong> (or different taxes in general)<br><strong>AND who uses a discount coupon<\/strong> of \u20ac10.<br><br>You can specify codes for each tax type.<\/p>\n\n\n\n<ul class=\"wp-block-list\">\n<li>Each type of tax for each product<\/li>\n\n\n\n<li>Credit account debit account<\/li>\n\n\n\n<li>A promo code for the order<\/li>\n<\/ul>\n<\/div><figure class=\"wp-block-media-text__media\"><img decoding=\"async\" width=\"888\" height=\"376\" src=\"https:\/\/savoir.avecnous.eu\/wp-content\/uploads\/sites\/30\/2023\/02\/TVA_ventilation_comptable_wooCommerce.png\" alt=\"\" class=\"wp-image-655 size-full\" srcset=\"https:\/\/savoir.avecnous.eu\/wp-content\/uploads\/sites\/30\/2023\/02\/TVA_ventilation_comptable_wooCommerce.png 888w, https:\/\/savoir.avecnous.eu\/wp-content\/uploads\/sites\/30\/2023\/02\/TVA_ventilation_comptable_wooCommerce-300x127.png 300w, https:\/\/savoir.avecnous.eu\/wp-content\/uploads\/sites\/30\/2023\/02\/TVA_ventilation_comptable_wooCommerce-768x325.png 768w\" sizes=\"(max-width: 888px) 100vw, 888px\" \/><\/figure><\/div>\n\n\n\n<div style=\"height:25px\" aria-hidden=\"true\" class=\"wp-block-spacer\"><\/div>\n\n\n\n<div class=\"wp-block-group infos-supp-prod has-global-padding is-layout-constrained wp-block-group-is-layout-constrained\">\n<h2 class=\"wp-block-heading\" style=\"margin-top:var(--wp--preset--spacing--20);margin-bottom:var(--wp--preset--spacing--20)\">Would you like more information about the features of the plugin ?<\/h2>\n\n\n\n<div class=\"wp-block-buttons is-content-justification-center is-layout-flex wp-container-core-buttons-is-layout-a89b3969 wp-block-buttons-is-layout-flex\">\n<div class=\"wp-block-button btn-big-violet\"><a class=\"wp-block-button__link wp-element-button\" href=\"https:\/\/apps.avecnous.eu\/blog\/comptabilite\/decouvrez-notre-extension-comptabilite-pour-woocommerce\/\" target=\"_blank\" rel=\"noreferrer noopener\">Read the full article on the plugin<\/a><\/div>\n<\/div>\n\n\n\n<div style=\"height:10px\" aria-hidden=\"true\" class=\"wp-block-spacer\"><\/div>\n\n\n\n<h2 class=\"wp-block-heading\" style=\"margin-top:var(--wp--preset--spacing--20);margin-bottom:var(--wp--preset--spacing--20)\">View product sheet<\/h2>\n\n\n\n<div class=\"wp-block-group has-global-padding is-layout-constrained wp-container-core-group-is-layout-9b483978 wp-block-group-is-layout-constrained\" style=\"margin-top:0;margin-bottom:0;padding-top:var(--wp--preset--spacing--10);padding-right:var(--wp--preset--spacing--40);padding-bottom:var(--wp--preset--spacing--10);padding-left:var(--wp--preset--spacing--40)\">\n<div class=\"wp-block-columns has-border-color is-layout-flex wp-container-core-columns-is-layout-74d018ca wp-block-columns-is-layout-flex\" style=\"border-color:#4512ae;border-width:1px;border-radius:10px;padding-top:var(--wp--preset--spacing--20);padding-right:var(--wp--preset--spacing--20);padding-bottom:var(--wp--preset--spacing--20);padding-left:var(--wp--preset--spacing--20);box-shadow:var(--wp--preset--shadow--shadow-4)\">\n<div class=\"wp-block-column is-vertically-aligned-center is-layout-flow wp-block-column-is-layout-flow\" style=\"padding-top:var(--wp--preset--spacing--10);padding-right:var(--wp--preset--spacing--10);padding-bottom:var(--wp--preset--spacing--10);padding-left:var(--wp--preset--spacing--10);flex-basis:40%\">\n<figure class=\"wp-block-image aligncenter size-large has-custom-border\"><img decoding=\"async\" src=\"https:\/\/apps.avecnous.eu\/wp-content\/uploads\/sites\/28\/2020\/12\/icon-4.png\" alt=\"\" style=\"border-radius:10px\"\/><\/figure>\n<\/div>\n\n\n\n<div class=\"wp-block-column is-vertically-aligned-center is-layout-flow wp-block-column-is-layout-flow\" style=\"padding-top:var(--wp--preset--spacing--10);padding-right:var(--wp--preset--spacing--30);padding-bottom:var(--wp--preset--spacing--10);padding-left:var(--wp--preset--spacing--30);flex-basis:60%\">\n<h3 class=\"wp-block-heading has-custom-violet-nous-color has-text-color has-link-color wp-elements-954a269cf293283ebeed889889879111\" style=\"font-size:clamp(15.747px, 0.984rem + ((1vw - 3.2px) * 0.907), 24px);font-style:normal;font-weight:1000;text-decoration:none\"><a href=\"https:\/\/apps.avecnous.eu\/boutique\/comptabilite-woocommerce\/extension-woocommerce-export-comptable\/\" target=\"_blank\" rel=\"noreferrer noopener\">Accounting for WooCommerce \u2013 Pro Module 1.7.0<\/a><\/h3>\n\n\n\n<p class=\"has-small-font-size\" style=\"margin-top:var(--wp--preset--spacing--10);margin-bottom:var(--wp--preset--spacing--10)\">Everything you need to transfer your sales from Woocommerce to accounting software!<\/p>\n\n\n\n<div class=\"wp-block-buttons is-layout-flex wp-block-buttons-is-layout-flex\" style=\"margin-top:0;margin-bottom:0\">\n<div class=\"wp-block-button btn-cta-violet\"><a class=\"wp-block-button__link wp-element-button\" href=\"https:\/\/apps.avecnous.eu\/boutique\/comptabilite-woocommerce\/extension-woocommerce-export-comptable\/\" target=\"_blank\" rel=\"noreferrer noopener\">View product<\/a><\/div>\n<\/div>\n<\/div>\n<\/div>\n<\/div>\n\n\n\n<div style=\"height:25px\" aria-hidden=\"true\" class=\"wp-block-spacer\"><\/div>\n<\/div>\n<\/div>","protected":false},"excerpt":{"rendered":"<p>A customer purchases two products that have different VAT rates (or different taxes in general) AND uses a $10 discount coupon. You can specify codes for each type of tax.<\/p>","protected":false},"author":95,"featured_media":0,"parent":0,"menu_order":0,"comment_status":"closed","ping_status":"closed","template":"wp-custom-template-documentation-aide","meta":{"_eb_attr":"","ep_exclude_from_search":false,"footnotes":""},"categories":[1],"tags":[30,22],"class_list":["post-381","page","type-page","status-publish","hentry","category-documentation","tag-comptabilite","tag-woocommerce"],"yoast_head":"<!-- This site is optimized with the Yoast SEO plugin v27.4 - https:\/\/yoast.com\/product\/yoast-seo-wordpress\/ -->\n<title>Exemple de cas complexes avec des taxes - SAVOIR - Base de connaissances NOUS Ouvert, Utile &amp; Simple<\/title>\n<meta name=\"robots\" content=\"index, follow, max-snippet:-1, max-image-preview:large, max-video-preview:-1\" \/>\n<link rel=\"canonical\" href=\"https:\/\/savoir.avecnous.eu\/en\/exemples-cas-complexes-avec-taxes\/\" \/>\n<meta property=\"og:locale\" content=\"en_GB\" \/>\n<meta property=\"og:type\" content=\"article\" \/>\n<meta property=\"og:title\" content=\"Exemple de cas complexes avec des taxes - SAVOIR - Base de connaissances NOUS Ouvert, Utile &amp; Simple\" \/>\n<meta property=\"og:description\" content=\"Une cliente ach\u00e8te 2 produits qui ont des taux de TVA diff\u00e9rents (ou des taxes diff\u00e9rentes en g\u00e9n\u00e9ral)ET qui utilise un coupon de r\u00e9duction de 10 \u20ac Vous pouvez sp\u00e9cifier des codes pour chaque type de taxe.\" \/>\n<meta property=\"og:url\" content=\"https:\/\/savoir.avecnous.eu\/en\/exemples-cas-complexes-avec-taxes\/\" \/>\n<meta property=\"og:site_name\" content=\"SAVOIR - Base de connaissances NOUS Ouvert, Utile &amp; Simple\" \/>\n<meta property=\"article:publisher\" content=\"https:\/\/www.facebook.com\/agencenous\/\" \/>\n<meta property=\"article:modified_time\" content=\"2025-10-01T09:33:07+00:00\" \/>\n<meta property=\"og:image\" content=\"https:\/\/savoir.avecnous.eu\/wp-content\/uploads\/sites\/30\/2023\/02\/TVA_ventilation_comptable_wooCommerce.png\" \/>\n\t<meta property=\"og:image:width\" content=\"888\" \/>\n\t<meta property=\"og:image:height\" content=\"376\" \/>\n\t<meta property=\"og:image:type\" content=\"image\/png\" \/>\n<meta name=\"twitter:card\" content=\"summary_large_image\" \/>\n<meta name=\"twitter:label1\" content=\"Estimated reading time\" \/>\n\t<meta name=\"twitter:data1\" content=\"1 minute\" \/>\n<script type=\"application\/ld+json\" class=\"yoast-schema-graph\">{\"@context\":\"https:\\\/\\\/schema.org\",\"@graph\":[{\"@type\":\"WebPage\",\"@id\":\"https:\\\/\\\/savoir.avecnous.eu\\\/exemples-cas-complexes-avec-taxes\\\/\",\"url\":\"https:\\\/\\\/savoir.avecnous.eu\\\/exemples-cas-complexes-avec-taxes\\\/\",\"name\":\"Exemple de cas complexes avec des taxes - SAVOIR - Base de connaissances NOUS Ouvert, Utile & Simple\",\"isPartOf\":{\"@id\":\"https:\\\/\\\/savoir.avecnous.eu\\\/#website\"},\"primaryImageOfPage\":{\"@id\":\"https:\\\/\\\/savoir.avecnous.eu\\\/exemples-cas-complexes-avec-taxes\\\/#primaryimage\"},\"image\":{\"@id\":\"https:\\\/\\\/savoir.avecnous.eu\\\/exemples-cas-complexes-avec-taxes\\\/#primaryimage\"},\"thumbnailUrl\":\"https:\\\/\\\/savoir.avecnous.eu\\\/wp-content\\\/uploads\\\/sites\\\/30\\\/2023\\\/02\\\/TVA_ventilation_comptable_wooCommerce.png\",\"datePublished\":\"2022-11-30T15:12:42+00:00\",\"dateModified\":\"2025-10-01T09:33:07+00:00\",\"breadcrumb\":{\"@id\":\"https:\\\/\\\/savoir.avecnous.eu\\\/exemples-cas-complexes-avec-taxes\\\/#breadcrumb\"},\"inLanguage\":\"en-GB\",\"potentialAction\":[{\"@type\":\"ReadAction\",\"target\":[\"https:\\\/\\\/savoir.avecnous.eu\\\/exemples-cas-complexes-avec-taxes\\\/\"]}]},{\"@type\":\"ImageObject\",\"inLanguage\":\"en-GB\",\"@id\":\"https:\\\/\\\/savoir.avecnous.eu\\\/exemples-cas-complexes-avec-taxes\\\/#primaryimage\",\"url\":\"https:\\\/\\\/savoir.avecnous.eu\\\/wp-content\\\/uploads\\\/sites\\\/30\\\/2023\\\/02\\\/TVA_ventilation_comptable_wooCommerce.png\",\"contentUrl\":\"https:\\\/\\\/savoir.avecnous.eu\\\/wp-content\\\/uploads\\\/sites\\\/30\\\/2023\\\/02\\\/TVA_ventilation_comptable_wooCommerce.png\"},{\"@type\":\"BreadcrumbList\",\"@id\":\"https:\\\/\\\/savoir.avecnous.eu\\\/exemples-cas-complexes-avec-taxes\\\/#breadcrumb\",\"itemListElement\":[{\"@type\":\"ListItem\",\"position\":1,\"name\":\"Accueil\",\"item\":\"https:\\\/\\\/savoir.avecnous.eu\\\/\"},{\"@type\":\"ListItem\",\"position\":2,\"name\":\"Documentations et aides\",\"item\":\"https:\\\/\\\/savoir.avecnous.eu\\\/categorie\\\/documentation\\\/\"},{\"@type\":\"ListItem\",\"position\":3,\"name\":\"Exemple de cas complexes avec des taxes\"}]},{\"@type\":\"WebSite\",\"@id\":\"https:\\\/\\\/savoir.avecnous.eu\\\/#website\",\"url\":\"https:\\\/\\\/savoir.avecnous.eu\\\/\",\"name\":\"Savoir by NOUS\",\"description\":\"Base de connaissance - NOUS Ouvert, Utile &amp; Simple\",\"publisher\":{\"@id\":\"https:\\\/\\\/savoir.avecnous.eu\\\/#organization\"},\"potentialAction\":[{\"@type\":\"SearchAction\",\"target\":{\"@type\":\"EntryPoint\",\"urlTemplate\":\"https:\\\/\\\/savoir.avecnous.eu\\\/?s={search_term_string}\"},\"query-input\":{\"@type\":\"PropertyValueSpecification\",\"valueRequired\":true,\"valueName\":\"search_term_string\"}}],\"inLanguage\":\"en-GB\"},{\"@type\":\"Organization\",\"@id\":\"https:\\\/\\\/savoir.avecnous.eu\\\/#organization\",\"name\":\"NOUS - Ouvert, Utile & Simple\",\"url\":\"https:\\\/\\\/savoir.avecnous.eu\\\/\",\"logo\":{\"@type\":\"ImageObject\",\"inLanguage\":\"en-GB\",\"@id\":\"https:\\\/\\\/savoir.avecnous.eu\\\/#\\\/schema\\\/logo\\\/image\\\/\",\"url\":\"https:\\\/\\\/savoir.avecnous.eu\\\/wp-content\\\/uploads\\\/sites\\\/30\\\/2025\\\/09\\\/LogoV1_SAVOIR_by_NOUS.png\",\"contentUrl\":\"https:\\\/\\\/savoir.avecnous.eu\\\/wp-content\\\/uploads\\\/sites\\\/30\\\/2025\\\/09\\\/LogoV1_SAVOIR_by_NOUS.png\",\"width\":1372,\"height\":230,\"caption\":\"NOUS - Ouvert, Utile & Simple\"},\"image\":{\"@id\":\"https:\\\/\\\/savoir.avecnous.eu\\\/#\\\/schema\\\/logo\\\/image\\\/\"},\"sameAs\":[\"https:\\\/\\\/www.facebook.com\\\/agencenous\\\/\",\"https:\\\/\\\/www.instagram.com\\\/agencenous_\\\/\",\"https:\\\/\\\/fr.linkedin.com\\\/company\\\/avecnous\"]}]}<\/script>\n<!-- \/ Yoast SEO plugin. -->","yoast_head_json":{"title":"Exemple de cas complexes avec des taxes - SAVOIR - Base de connaissances NOUS Ouvert, Utile & Simple","robots":{"index":"index","follow":"follow","max-snippet":"max-snippet:-1","max-image-preview":"max-image-preview:large","max-video-preview":"max-video-preview:-1"},"canonical":"https:\/\/savoir.avecnous.eu\/en\/exemples-cas-complexes-avec-taxes\/","og_locale":"en_GB","og_type":"article","og_title":"Exemple de cas complexes avec des taxes - SAVOIR - Base de connaissances NOUS Ouvert, Utile & Simple","og_description":"Une cliente ach\u00e8te 2 produits qui ont des taux de TVA diff\u00e9rents (ou des taxes diff\u00e9rentes en g\u00e9n\u00e9ral)ET qui utilise un coupon de r\u00e9duction de 10 \u20ac Vous pouvez sp\u00e9cifier des codes pour chaque type de taxe.","og_url":"https:\/\/savoir.avecnous.eu\/en\/exemples-cas-complexes-avec-taxes\/","og_site_name":"SAVOIR - Base de connaissances NOUS Ouvert, Utile & Simple","article_publisher":"https:\/\/www.facebook.com\/agencenous\/","article_modified_time":"2025-10-01T09:33:07+00:00","og_image":[{"width":888,"height":376,"url":"https:\/\/savoir.avecnous.eu\/wp-content\/uploads\/sites\/30\/2023\/02\/TVA_ventilation_comptable_wooCommerce.png","type":"image\/png"}],"twitter_card":"summary_large_image","twitter_misc":{"Estimated reading time":"1 minute"},"schema":{"@context":"https:\/\/schema.org","@graph":[{"@type":"WebPage","@id":"https:\/\/savoir.avecnous.eu\/exemples-cas-complexes-avec-taxes\/","url":"https:\/\/savoir.avecnous.eu\/exemples-cas-complexes-avec-taxes\/","name":"Exemple de cas complexes avec des taxes - SAVOIR - Base de connaissances NOUS Ouvert, Utile & Simple","isPartOf":{"@id":"https:\/\/savoir.avecnous.eu\/#website"},"primaryImageOfPage":{"@id":"https:\/\/savoir.avecnous.eu\/exemples-cas-complexes-avec-taxes\/#primaryimage"},"image":{"@id":"https:\/\/savoir.avecnous.eu\/exemples-cas-complexes-avec-taxes\/#primaryimage"},"thumbnailUrl":"https:\/\/savoir.avecnous.eu\/wp-content\/uploads\/sites\/30\/2023\/02\/TVA_ventilation_comptable_wooCommerce.png","datePublished":"2022-11-30T15:12:42+00:00","dateModified":"2025-10-01T09:33:07+00:00","breadcrumb":{"@id":"https:\/\/savoir.avecnous.eu\/exemples-cas-complexes-avec-taxes\/#breadcrumb"},"inLanguage":"en-GB","potentialAction":[{"@type":"ReadAction","target":["https:\/\/savoir.avecnous.eu\/exemples-cas-complexes-avec-taxes\/"]}]},{"@type":"ImageObject","inLanguage":"en-GB","@id":"https:\/\/savoir.avecnous.eu\/exemples-cas-complexes-avec-taxes\/#primaryimage","url":"https:\/\/savoir.avecnous.eu\/wp-content\/uploads\/sites\/30\/2023\/02\/TVA_ventilation_comptable_wooCommerce.png","contentUrl":"https:\/\/savoir.avecnous.eu\/wp-content\/uploads\/sites\/30\/2023\/02\/TVA_ventilation_comptable_wooCommerce.png"},{"@type":"BreadcrumbList","@id":"https:\/\/savoir.avecnous.eu\/exemples-cas-complexes-avec-taxes\/#breadcrumb","itemListElement":[{"@type":"ListItem","position":1,"name":"Accueil","item":"https:\/\/savoir.avecnous.eu\/"},{"@type":"ListItem","position":2,"name":"Documentations et aides","item":"https:\/\/savoir.avecnous.eu\/categorie\/documentation\/"},{"@type":"ListItem","position":3,"name":"Exemple de cas complexes avec des taxes"}]},{"@type":"WebSite","@id":"https:\/\/savoir.avecnous.eu\/#website","url":"https:\/\/savoir.avecnous.eu\/","name":"Savoir by NOUS","description":"Base de connaissance - NOUS Ouvert, Utile &amp; Simple","publisher":{"@id":"https:\/\/savoir.avecnous.eu\/#organization"},"potentialAction":[{"@type":"SearchAction","target":{"@type":"EntryPoint","urlTemplate":"https:\/\/savoir.avecnous.eu\/?s={search_term_string}"},"query-input":{"@type":"PropertyValueSpecification","valueRequired":true,"valueName":"search_term_string"}}],"inLanguage":"en-GB"},{"@type":"Organization","@id":"https:\/\/savoir.avecnous.eu\/#organization","name":"NOUS - Ouvert, Utile & Simple","url":"https:\/\/savoir.avecnous.eu\/","logo":{"@type":"ImageObject","inLanguage":"en-GB","@id":"https:\/\/savoir.avecnous.eu\/#\/schema\/logo\/image\/","url":"https:\/\/savoir.avecnous.eu\/wp-content\/uploads\/sites\/30\/2025\/09\/LogoV1_SAVOIR_by_NOUS.png","contentUrl":"https:\/\/savoir.avecnous.eu\/wp-content\/uploads\/sites\/30\/2025\/09\/LogoV1_SAVOIR_by_NOUS.png","width":1372,"height":230,"caption":"NOUS - Ouvert, Utile & Simple"},"image":{"@id":"https:\/\/savoir.avecnous.eu\/#\/schema\/logo\/image\/"},"sameAs":["https:\/\/www.facebook.com\/agencenous\/","https:\/\/www.instagram.com\/agencenous_\/","https:\/\/fr.linkedin.com\/company\/avecnous"]}]}},"_links":{"self":[{"href":"https:\/\/savoir.avecnous.eu\/en\/wp-json\/wp\/v2\/pages\/381","targetHints":{"allow":["GET"]}}],"collection":[{"href":"https:\/\/savoir.avecnous.eu\/en\/wp-json\/wp\/v2\/pages"}],"about":[{"href":"https:\/\/savoir.avecnous.eu\/en\/wp-json\/wp\/v2\/types\/page"}],"author":[{"embeddable":true,"href":"https:\/\/savoir.avecnous.eu\/en\/wp-json\/wp\/v2\/users\/95"}],"replies":[{"embeddable":true,"href":"https:\/\/savoir.avecnous.eu\/en\/wp-json\/wp\/v2\/comments?post=381"}],"version-history":[{"count":19,"href":"https:\/\/savoir.avecnous.eu\/en\/wp-json\/wp\/v2\/pages\/381\/revisions"}],"predecessor-version":[{"id":1406,"href":"https:\/\/savoir.avecnous.eu\/en\/wp-json\/wp\/v2\/pages\/381\/revisions\/1406"}],"wp:attachment":[{"href":"https:\/\/savoir.avecnous.eu\/en\/wp-json\/wp\/v2\/media?parent=381"}],"wp:term":[{"taxonomy":"category","embeddable":true,"href":"https:\/\/savoir.avecnous.eu\/en\/wp-json\/wp\/v2\/categories?post=381"},{"taxonomy":"post_tag","embeddable":true,"href":"https:\/\/savoir.avecnous.eu\/en\/wp-json\/wp\/v2\/tags?post=381"}],"curies":[{"name":"wp","href":"https:\/\/api.w.org\/{rel}","templated":true}]}}