{"id":680,"date":"2023-07-20T14:04:59","date_gmt":"2023-07-20T12:04:59","guid":{"rendered":"https:\/\/savoir.avecnous.eu\/?p=680"},"modified":"2025-09-30T13:58:49","modified_gmt":"2025-09-30T11:58:49","slug":"vous-avez-rendez-vous-dans-gather-town","status":"publish","type":"page","link":"https:\/\/savoir.avecnous.eu\/en\/vous-avez-rendez-vous-dans-gather-town\/","title":{"rendered":"You have an appointment in Gather Town"},"content":{"rendered":"<div class=\"wp-block-group has-global-padding is-layout-constrained wp-block-group-is-layout-constrained\">\n<p>Gather.town is a simple virtual space platform: the 2D metaverse!<\/p>\n\n\n\n<p><strong>No prior installation is required.<\/strong>A simple (recent) browser is sufficient. Although Gather works on Firefox, it seems more stable on <strong>Chromium or Chrome<\/strong>.<\/p>\n\n\n\n<p>Of course, for a video conference, a <strong>microphone<\/strong> will be necessary and a <strong>camera<\/strong> appreciated.<\/p>\n\n\n\n<p class=\"has-custom-noir-nous-color has-custom-gris-clair-2-nous-background-color has-text-color has-background\" style=\"border-radius:10px;border-left-color:var(--wp--preset--color--custom-jaune-nous);border-left-width:30px;font-style:normal;font-weight:900\"><strong>If you want to use Gather Town regularly, including in multiple spaces, we recommend that you create an account on <a href=\"https:\/\/app.gather.town\/signin\">https:\/\/app.gather.town\/signin<\/a><\/strong>.<br><br>Your preferences will be saved and you will save valuable time.<\/p>\n\n\n\n<div style=\"height:25px\" aria-hidden=\"true\" class=\"wp-block-spacer\"><\/div>\n\n\n<h2 class=\"wp-block-heading\" id=\"h-1-identification\">1 &#8211; Identification<\/h2>\n\n\n<p>Go to the link provided. A password is required for certain areas.<\/p>\n\n\n\n<figure class=\"wp-block-image aligncenter size-full\" style=\"margin-top:0;margin-bottom:0\"><img decoding=\"async\" width=\"898\" height=\"698\" src=\"https:\/\/savoir.avecnous.eu\/wp-content\/uploads\/sites\/30\/2023\/07\/image.png\" alt=\"\" class=\"wp-image-682\" srcset=\"https:\/\/savoir.avecnous.eu\/wp-content\/uploads\/sites\/30\/2023\/07\/image.png 898w, https:\/\/savoir.avecnous.eu\/wp-content\/uploads\/sites\/30\/2023\/07\/image-300x233.png 300w, https:\/\/savoir.avecnous.eu\/wp-content\/uploads\/sites\/30\/2023\/07\/image-768x597.png 768w\" sizes=\"(max-width: 898px) 100vw, 898px\" \/><\/figure>\n\n\n\n<p style=\"margin-top:var(--wp--preset--spacing--30);margin-bottom:var(--wp--preset--spacing--30)\">If a password is required, enter it.<\/p>\n\n\n\n<figure class=\"wp-block-image aligncenter size-full\" style=\"margin-top:0;margin-bottom:0\"><img decoding=\"async\" width=\"898\" height=\"698\" src=\"https:\/\/savoir.avecnous.eu\/wp-content\/uploads\/sites\/30\/2023\/07\/image-1.png\" alt=\"\" class=\"wp-image-683\" srcset=\"https:\/\/savoir.avecnous.eu\/wp-content\/uploads\/sites\/30\/2023\/07\/image-1.png 898w, https:\/\/savoir.avecnous.eu\/wp-content\/uploads\/sites\/30\/2023\/07\/image-1-300x233.png 300w, https:\/\/savoir.avecnous.eu\/wp-content\/uploads\/sites\/30\/2023\/07\/image-1-768x597.png 768w\" sizes=\"(max-width: 898px) 100vw, 898px\" \/><\/figure>\n\n\n\n<div style=\"height:25px\" aria-hidden=\"true\" class=\"wp-block-spacer\"><\/div>\n\n\n<h2 class=\"wp-block-heading\" id=\"h-\">2 &#8211; Permissions<\/h2>\n\n\n<p>The next screen will ask you for permission to access your camera and microphone.<\/p>\n\n\n\n<figure class=\"wp-block-image aligncenter size-full\" style=\"margin-top:0;margin-bottom:0\"><img decoding=\"async\" width=\"898\" height=\"698\" src=\"https:\/\/savoir.avecnous.eu\/wp-content\/uploads\/sites\/30\/2023\/07\/image-2.png\" alt=\"\" class=\"wp-image-684\" srcset=\"https:\/\/savoir.avecnous.eu\/wp-content\/uploads\/sites\/30\/2023\/07\/image-2.png 898w, https:\/\/savoir.avecnous.eu\/wp-content\/uploads\/sites\/30\/2023\/07\/image-2-300x233.png 300w, https:\/\/savoir.avecnous.eu\/wp-content\/uploads\/sites\/30\/2023\/07\/image-2-768x597.png 768w\" sizes=\"(max-width: 898px) 100vw, 898px\" \/><\/figure>\n\n\n\n<p style=\"margin-top:var(--wp--preset--spacing--30);margin-bottom:var(--wp--preset--spacing--30);padding-top:0;padding-bottom:0\">Accept camera access (or not?)<\/p>\n\n\n\n<figure class=\"wp-block-image aligncenter size-full\" style=\"margin-top:0;margin-bottom:0\"><img decoding=\"async\" width=\"898\" height=\"698\" src=\"https:\/\/savoir.avecnous.eu\/wp-content\/uploads\/sites\/30\/2023\/07\/image-3.png\" alt=\"\" class=\"wp-image-685\" srcset=\"https:\/\/savoir.avecnous.eu\/wp-content\/uploads\/sites\/30\/2023\/07\/image-3.png 898w, https:\/\/savoir.avecnous.eu\/wp-content\/uploads\/sites\/30\/2023\/07\/image-3-300x233.png 300w, https:\/\/savoir.avecnous.eu\/wp-content\/uploads\/sites\/30\/2023\/07\/image-3-768x597.png 768w\" sizes=\"(max-width: 898px) 100vw, 898px\" \/><\/figure>\n\n\n\n<p style=\"margin-top:var(--wp--preset--spacing--30);margin-bottom:var(--wp--preset--spacing--30)\">Allow access to the microphone<\/p>\n\n\n\n<figure class=\"wp-block-image aligncenter size-full\" style=\"margin-top:0;margin-bottom:0\"><img decoding=\"async\" width=\"898\" height=\"698\" src=\"https:\/\/savoir.avecnous.eu\/wp-content\/uploads\/sites\/30\/2023\/07\/image-4.png\" alt=\"\" class=\"wp-image-686\" srcset=\"https:\/\/savoir.avecnous.eu\/wp-content\/uploads\/sites\/30\/2023\/07\/image-4.png 898w, https:\/\/savoir.avecnous.eu\/wp-content\/uploads\/sites\/30\/2023\/07\/image-4-300x233.png 300w, https:\/\/savoir.avecnous.eu\/wp-content\/uploads\/sites\/30\/2023\/07\/image-4-768x597.png 768w\" sizes=\"(max-width: 898px) 100vw, 898px\" \/><\/figure>\n\n\n\n<p style=\"margin-top:var(--wp--preset--spacing--30);margin-bottom:var(--wp--preset--spacing--30)\">The microphone and preview camera are activated.<\/p>\n\n\n\n<figure class=\"wp-block-image aligncenter size-full\" style=\"margin-top:0;margin-bottom:0\"><img decoding=\"async\" width=\"898\" height=\"698\" src=\"https:\/\/savoir.avecnous.eu\/wp-content\/uploads\/sites\/30\/2023\/07\/image-5.png\" alt=\"Permission OK\" class=\"wp-image-687\" srcset=\"https:\/\/savoir.avecnous.eu\/wp-content\/uploads\/sites\/30\/2023\/07\/image-5.png 898w, https:\/\/savoir.avecnous.eu\/wp-content\/uploads\/sites\/30\/2023\/07\/image-5-300x233.png 300w, https:\/\/savoir.avecnous.eu\/wp-content\/uploads\/sites\/30\/2023\/07\/image-5-768x597.png 768w\" sizes=\"(max-width: 898px) 100vw, 898px\" \/><\/figure>\n\n\n\n<p style=\"margin-top:var(--wp--preset--spacing--30)\">Now choose the name you want to appear under.<\/p>\n\n\n\n<p style=\"margin-bottom:var(--wp--preset--spacing--30)\">A good name is concise and explicit, including, for example, the name of the organization you represent.<\/p>\n\n\n\n<figure class=\"wp-block-image aligncenter size-full\" style=\"margin-top:0;margin-bottom:0\"><img decoding=\"async\" width=\"898\" height=\"698\" src=\"https:\/\/savoir.avecnous.eu\/wp-content\/uploads\/sites\/30\/2023\/07\/image-6.png\" alt=\"Pseudo\" class=\"wp-image-688\" srcset=\"https:\/\/savoir.avecnous.eu\/wp-content\/uploads\/sites\/30\/2023\/07\/image-6.png 898w, https:\/\/savoir.avecnous.eu\/wp-content\/uploads\/sites\/30\/2023\/07\/image-6-300x233.png 300w, https:\/\/savoir.avecnous.eu\/wp-content\/uploads\/sites\/30\/2023\/07\/image-6-768x597.png 768w\" sizes=\"(max-width: 898px) 100vw, 898px\" \/><\/figure>\n\n\n\n<div style=\"height:25px\" aria-hidden=\"true\" class=\"wp-block-spacer\"><\/div>\n\n\n<h2 class=\"wp-block-heading\" id=\"h---1\">3 \u2013 Welcome<\/h2>\n\n\n<p>Welcome to our offices!<\/p>\n\n\n\n<p>You can now move your avatar.<\/p>\n\n\n\n<ul style=\"margin-top:var(--wp--preset--spacing--10);margin-bottom:var(--wp--preset--spacing--10)\" class=\"wp-block-list\">\n<li>On a desktop computer: use the arrow keys on the keyboard or double-click on a location.<\/li>\n\n\n\n<li>On mobile devices, press and hold the white button at the bottom center of the screen or double-tap anywhere.<\/li>\n<\/ul>\n\n\n\n<p>In this space, as in real life, the further away you are from other people, the less you can hear them.<\/p>\n\n\n\n<figure class=\"wp-block-image aligncenter size-full\" style=\"margin-top:0;margin-bottom:0\"><img decoding=\"async\" width=\"898\" height=\"698\" src=\"https:\/\/savoir.avecnous.eu\/wp-content\/uploads\/sites\/30\/2023\/07\/image-7.png\" alt=\"Bienvenue\" class=\"wp-image-689\" srcset=\"https:\/\/savoir.avecnous.eu\/wp-content\/uploads\/sites\/30\/2023\/07\/image-7.png 898w, https:\/\/savoir.avecnous.eu\/wp-content\/uploads\/sites\/30\/2023\/07\/image-7-300x233.png 300w, https:\/\/savoir.avecnous.eu\/wp-content\/uploads\/sites\/30\/2023\/07\/image-7-768x597.png 768w\" sizes=\"(max-width: 898px) 100vw, 898px\" \/><\/figure>\n\n\n\n<p style=\"margin-top:var(--wp--preset--spacing--30)\">\ud83d\udc46 You can control the activation and deactivation of your microphone, camera, and screen sharing using the buttons located at the bottom left of the window.<\/p>\n\n\n\n<p style=\"margin-bottom:var(--wp--preset--spacing--30)\">By following the red path, you will arrive at the meeting room, where you will be able to hear all of the participants in the room.<\/p>\n\n\n\n<figure class=\"wp-block-image aligncenter size-full\" style=\"margin-top:0;margin-bottom:0\"><img decoding=\"async\" width=\"898\" height=\"698\" src=\"https:\/\/savoir.avecnous.eu\/wp-content\/uploads\/sites\/30\/2023\/07\/image-8.png\" alt=\"D\u00e9placement\" class=\"wp-image-690\" srcset=\"https:\/\/savoir.avecnous.eu\/wp-content\/uploads\/sites\/30\/2023\/07\/image-8.png 898w, https:\/\/savoir.avecnous.eu\/wp-content\/uploads\/sites\/30\/2023\/07\/image-8-300x233.png 300w, https:\/\/savoir.avecnous.eu\/wp-content\/uploads\/sites\/30\/2023\/07\/image-8-768x597.png 768w\" sizes=\"(max-width: 898px) 100vw, 898px\" \/><\/figure>\n\n\n\n<p style=\"margin-top:var(--wp--preset--spacing--30);margin-bottom:var(--wp--preset--spacing--30)\">But our offices are much larger, and you can find us in one of the rooms on our premises.<\/p>\n\n\n\n<figure class=\"wp-block-image aligncenter size-full\" style=\"margin-top:0;margin-bottom:0\"><img decoding=\"async\" width=\"1024\" height=\"808\" src=\"https:\/\/savoir.avecnous.eu\/wp-content\/uploads\/sites\/30\/2023\/07\/image-9.png\" alt=\"Plan global\" class=\"wp-image-691\" srcset=\"https:\/\/savoir.avecnous.eu\/wp-content\/uploads\/sites\/30\/2023\/07\/image-9.png 1024w, https:\/\/savoir.avecnous.eu\/wp-content\/uploads\/sites\/30\/2023\/07\/image-9-300x237.png 300w, https:\/\/savoir.avecnous.eu\/wp-content\/uploads\/sites\/30\/2023\/07\/image-9-768x606.png 768w\" sizes=\"(max-width: 1024px) 100vw, 1024px\" \/><\/figure>\n\n\n\n<div style=\"height:25px\" aria-hidden=\"true\" class=\"wp-block-spacer\"><\/div>\n<\/div>","protected":false},"excerpt":{"rendered":"<p>Gather.town est une plateforme d&rsquo;espaces virtuels simple : le m\u00e9taverse en 2D ! Aucune installation pr\u00e9alable n&rsquo;est n\u00e9cessaire, un simple navigateur (r\u00e9cent) est suffisant. Bien que fonctionnant sur Firefox, Gather semble plus stable sur Chromium ou Chrome. Bien entendu, pour une r\u00e9union en visio, un micro sera n\u00e9cessaire et une cam\u00e9ra appr\u00e9ci\u00e9e. Si vous souhaitez [&hellip;]<\/p>\n","protected":false},"author":1,"featured_media":0,"parent":0,"menu_order":0,"comment_status":"closed","ping_status":"closed","template":"wp-custom-template-documentation-aide","meta":{"_eb_attr":"","ep_exclude_from_search":false,"footnotes":""},"categories":[1],"tags":[38],"class_list":["post-680","page","type-page","status-publish","hentry","category-documentation","tag-nous-bureaux"],"yoast_head":"<!-- This site is optimized with the Yoast SEO plugin v27.4 - https:\/\/yoast.com\/product\/yoast-seo-wordpress\/ -->\n<title>Vous avez rendez-vous dans Gather Town - SAVOIR - Base de connaissances NOUS Ouvert, Utile &amp; Simple<\/title>\n<meta name=\"robots\" content=\"index, follow, max-snippet:-1, max-image-preview:large, max-video-preview:-1\" \/>\n<link rel=\"canonical\" href=\"https:\/\/savoir.avecnous.eu\/en\/vous-avez-rendez-vous-dans-gather-town\/\" \/>\n<meta property=\"og:locale\" content=\"en_GB\" \/>\n<meta property=\"og:type\" content=\"article\" \/>\n<meta property=\"og:title\" content=\"Vous avez rendez-vous dans Gather Town - SAVOIR - Base de connaissances NOUS Ouvert, Utile &amp; Simple\" \/>\n<meta property=\"og:description\" content=\"Gather.town est une plateforme d&rsquo;espaces virtuels simple : le m\u00e9taverse en 2D ! Aucune installation pr\u00e9alable n&rsquo;est n\u00e9cessaire, un simple navigateur (r\u00e9cent) est suffisant. Bien que fonctionnant sur Firefox, Gather semble plus stable sur Chromium ou Chrome. Bien entendu, pour une r\u00e9union en visio, un micro sera n\u00e9cessaire et une cam\u00e9ra appr\u00e9ci\u00e9e. Si vous souhaitez [&hellip;]\" \/>\n<meta property=\"og:url\" content=\"https:\/\/savoir.avecnous.eu\/en\/vous-avez-rendez-vous-dans-gather-town\/\" \/>\n<meta property=\"og:site_name\" content=\"SAVOIR - Base de connaissances NOUS Ouvert, Utile &amp; Simple\" \/>\n<meta property=\"article:publisher\" content=\"https:\/\/www.facebook.com\/agencenous\/\" \/>\n<meta property=\"article:modified_time\" content=\"2025-09-30T11:58:49+00:00\" \/>\n<meta property=\"og:image\" content=\"https:\/\/savoir.avecnous.eu\/wp-content\/uploads\/sites\/30\/2023\/07\/image.png\" \/>\n\t<meta property=\"og:image:width\" content=\"898\" \/>\n\t<meta property=\"og:image:height\" content=\"698\" \/>\n\t<meta property=\"og:image:type\" content=\"image\/png\" \/>\n<meta name=\"twitter:card\" content=\"summary_large_image\" \/>\n<meta name=\"twitter:label1\" content=\"Estimated reading time\" \/>\n\t<meta name=\"twitter:data1\" content=\"4 minutes\" \/>\n<script type=\"application\/ld+json\" class=\"yoast-schema-graph\">{\"@context\":\"https:\\\/\\\/schema.org\",\"@graph\":[{\"@type\":\"WebPage\",\"@id\":\"https:\\\/\\\/savoir.avecnous.eu\\\/vous-avez-rendez-vous-dans-gather-town\\\/\",\"url\":\"https:\\\/\\\/savoir.avecnous.eu\\\/vous-avez-rendez-vous-dans-gather-town\\\/\",\"name\":\"Vous avez rendez-vous dans Gather Town - SAVOIR - Base de connaissances NOUS Ouvert, Utile & Simple\",\"isPartOf\":{\"@id\":\"https:\\\/\\\/savoir.avecnous.eu\\\/#website\"},\"primaryImageOfPage\":{\"@id\":\"https:\\\/\\\/savoir.avecnous.eu\\\/vous-avez-rendez-vous-dans-gather-town\\\/#primaryimage\"},\"image\":{\"@id\":\"https:\\\/\\\/savoir.avecnous.eu\\\/vous-avez-rendez-vous-dans-gather-town\\\/#primaryimage\"},\"thumbnailUrl\":\"https:\\\/\\\/savoir.avecnous.eu\\\/wp-content\\\/uploads\\\/sites\\\/30\\\/2023\\\/07\\\/image.png\",\"datePublished\":\"2023-07-20T12:04:59+00:00\",\"dateModified\":\"2025-09-30T11:58:49+00:00\",\"breadcrumb\":{\"@id\":\"https:\\\/\\\/savoir.avecnous.eu\\\/vous-avez-rendez-vous-dans-gather-town\\\/#breadcrumb\"},\"inLanguage\":\"en-GB\",\"potentialAction\":[{\"@type\":\"ReadAction\",\"target\":[\"https:\\\/\\\/savoir.avecnous.eu\\\/vous-avez-rendez-vous-dans-gather-town\\\/\"]}]},{\"@type\":\"ImageObject\",\"inLanguage\":\"en-GB\",\"@id\":\"https:\\\/\\\/savoir.avecnous.eu\\\/vous-avez-rendez-vous-dans-gather-town\\\/#primaryimage\",\"url\":\"https:\\\/\\\/savoir.avecnous.eu\\\/wp-content\\\/uploads\\\/sites\\\/30\\\/2023\\\/07\\\/image.png\",\"contentUrl\":\"https:\\\/\\\/savoir.avecnous.eu\\\/wp-content\\\/uploads\\\/sites\\\/30\\\/2023\\\/07\\\/image.png\"},{\"@type\":\"BreadcrumbList\",\"@id\":\"https:\\\/\\\/savoir.avecnous.eu\\\/vous-avez-rendez-vous-dans-gather-town\\\/#breadcrumb\",\"itemListElement\":[{\"@type\":\"ListItem\",\"position\":1,\"name\":\"Accueil\",\"item\":\"https:\\\/\\\/savoir.avecnous.eu\\\/\"},{\"@type\":\"ListItem\",\"position\":2,\"name\":\"Documentations et aides\",\"item\":\"https:\\\/\\\/savoir.avecnous.eu\\\/categorie\\\/documentation\\\/\"},{\"@type\":\"ListItem\",\"position\":3,\"name\":\"Vous avez rendez-vous dans Gather Town\"}]},{\"@type\":\"WebSite\",\"@id\":\"https:\\\/\\\/savoir.avecnous.eu\\\/#website\",\"url\":\"https:\\\/\\\/savoir.avecnous.eu\\\/\",\"name\":\"Savoir by NOUS\",\"description\":\"Base de connaissance - NOUS Ouvert, Utile &amp; Simple\",\"publisher\":{\"@id\":\"https:\\\/\\\/savoir.avecnous.eu\\\/#organization\"},\"potentialAction\":[{\"@type\":\"SearchAction\",\"target\":{\"@type\":\"EntryPoint\",\"urlTemplate\":\"https:\\\/\\\/savoir.avecnous.eu\\\/?s={search_term_string}\"},\"query-input\":{\"@type\":\"PropertyValueSpecification\",\"valueRequired\":true,\"valueName\":\"search_term_string\"}}],\"inLanguage\":\"en-GB\"},{\"@type\":\"Organization\",\"@id\":\"https:\\\/\\\/savoir.avecnous.eu\\\/#organization\",\"name\":\"NOUS - Ouvert, Utile & Simple\",\"url\":\"https:\\\/\\\/savoir.avecnous.eu\\\/\",\"logo\":{\"@type\":\"ImageObject\",\"inLanguage\":\"en-GB\",\"@id\":\"https:\\\/\\\/savoir.avecnous.eu\\\/#\\\/schema\\\/logo\\\/image\\\/\",\"url\":\"https:\\\/\\\/savoir.avecnous.eu\\\/wp-content\\\/uploads\\\/sites\\\/30\\\/2025\\\/09\\\/LogoV1_SAVOIR_by_NOUS.png\",\"contentUrl\":\"https:\\\/\\\/savoir.avecnous.eu\\\/wp-content\\\/uploads\\\/sites\\\/30\\\/2025\\\/09\\\/LogoV1_SAVOIR_by_NOUS.png\",\"width\":1372,\"height\":230,\"caption\":\"NOUS - Ouvert, Utile & Simple\"},\"image\":{\"@id\":\"https:\\\/\\\/savoir.avecnous.eu\\\/#\\\/schema\\\/logo\\\/image\\\/\"},\"sameAs\":[\"https:\\\/\\\/www.facebook.com\\\/agencenous\\\/\",\"https:\\\/\\\/www.instagram.com\\\/agencenous_\\\/\",\"https:\\\/\\\/fr.linkedin.com\\\/company\\\/avecnous\"]}]}<\/script>\n<!-- \/ Yoast SEO plugin. -->","yoast_head_json":{"title":"Vous avez rendez-vous dans Gather Town - SAVOIR - Base de connaissances NOUS Ouvert, Utile & Simple","robots":{"index":"index","follow":"follow","max-snippet":"max-snippet:-1","max-image-preview":"max-image-preview:large","max-video-preview":"max-video-preview:-1"},"canonical":"https:\/\/savoir.avecnous.eu\/en\/vous-avez-rendez-vous-dans-gather-town\/","og_locale":"en_GB","og_type":"article","og_title":"Vous avez rendez-vous dans Gather Town - SAVOIR - Base de connaissances NOUS Ouvert, Utile & Simple","og_description":"Gather.town est une plateforme d&rsquo;espaces virtuels simple : le m\u00e9taverse en 2D ! Aucune installation pr\u00e9alable n&rsquo;est n\u00e9cessaire, un simple navigateur (r\u00e9cent) est suffisant. Bien que fonctionnant sur Firefox, Gather semble plus stable sur Chromium ou Chrome. Bien entendu, pour une r\u00e9union en visio, un micro sera n\u00e9cessaire et une cam\u00e9ra appr\u00e9ci\u00e9e. Si vous souhaitez [&hellip;]","og_url":"https:\/\/savoir.avecnous.eu\/en\/vous-avez-rendez-vous-dans-gather-town\/","og_site_name":"SAVOIR - Base de connaissances NOUS Ouvert, Utile & Simple","article_publisher":"https:\/\/www.facebook.com\/agencenous\/","article_modified_time":"2025-09-30T11:58:49+00:00","og_image":[{"width":898,"height":698,"url":"https:\/\/savoir.avecnous.eu\/wp-content\/uploads\/sites\/30\/2023\/07\/image.png","type":"image\/png"}],"twitter_card":"summary_large_image","twitter_misc":{"Estimated reading time":"4 minutes"},"schema":{"@context":"https:\/\/schema.org","@graph":[{"@type":"WebPage","@id":"https:\/\/savoir.avecnous.eu\/vous-avez-rendez-vous-dans-gather-town\/","url":"https:\/\/savoir.avecnous.eu\/vous-avez-rendez-vous-dans-gather-town\/","name":"Vous avez rendez-vous dans Gather Town - SAVOIR - Base de connaissances NOUS Ouvert, Utile & Simple","isPartOf":{"@id":"https:\/\/savoir.avecnous.eu\/#website"},"primaryImageOfPage":{"@id":"https:\/\/savoir.avecnous.eu\/vous-avez-rendez-vous-dans-gather-town\/#primaryimage"},"image":{"@id":"https:\/\/savoir.avecnous.eu\/vous-avez-rendez-vous-dans-gather-town\/#primaryimage"},"thumbnailUrl":"https:\/\/savoir.avecnous.eu\/wp-content\/uploads\/sites\/30\/2023\/07\/image.png","datePublished":"2023-07-20T12:04:59+00:00","dateModified":"2025-09-30T11:58:49+00:00","breadcrumb":{"@id":"https:\/\/savoir.avecnous.eu\/vous-avez-rendez-vous-dans-gather-town\/#breadcrumb"},"inLanguage":"en-GB","potentialAction":[{"@type":"ReadAction","target":["https:\/\/savoir.avecnous.eu\/vous-avez-rendez-vous-dans-gather-town\/"]}]},{"@type":"ImageObject","inLanguage":"en-GB","@id":"https:\/\/savoir.avecnous.eu\/vous-avez-rendez-vous-dans-gather-town\/#primaryimage","url":"https:\/\/savoir.avecnous.eu\/wp-content\/uploads\/sites\/30\/2023\/07\/image.png","contentUrl":"https:\/\/savoir.avecnous.eu\/wp-content\/uploads\/sites\/30\/2023\/07\/image.png"},{"@type":"BreadcrumbList","@id":"https:\/\/savoir.avecnous.eu\/vous-avez-rendez-vous-dans-gather-town\/#breadcrumb","itemListElement":[{"@type":"ListItem","position":1,"name":"Accueil","item":"https:\/\/savoir.avecnous.eu\/"},{"@type":"ListItem","position":2,"name":"Documentations et aides","item":"https:\/\/savoir.avecnous.eu\/categorie\/documentation\/"},{"@type":"ListItem","position":3,"name":"Vous avez rendez-vous dans Gather Town"}]},{"@type":"WebSite","@id":"https:\/\/savoir.avecnous.eu\/#website","url":"https:\/\/savoir.avecnous.eu\/","name":"Savoir by NOUS","description":"Base de connaissance - NOUS Ouvert, Utile &amp; Simple","publisher":{"@id":"https:\/\/savoir.avecnous.eu\/#organization"},"potentialAction":[{"@type":"SearchAction","target":{"@type":"EntryPoint","urlTemplate":"https:\/\/savoir.avecnous.eu\/?s={search_term_string}"},"query-input":{"@type":"PropertyValueSpecification","valueRequired":true,"valueName":"search_term_string"}}],"inLanguage":"en-GB"},{"@type":"Organization","@id":"https:\/\/savoir.avecnous.eu\/#organization","name":"NOUS - Ouvert, Utile & Simple","url":"https:\/\/savoir.avecnous.eu\/","logo":{"@type":"ImageObject","inLanguage":"en-GB","@id":"https:\/\/savoir.avecnous.eu\/#\/schema\/logo\/image\/","url":"https:\/\/savoir.avecnous.eu\/wp-content\/uploads\/sites\/30\/2025\/09\/LogoV1_SAVOIR_by_NOUS.png","contentUrl":"https:\/\/savoir.avecnous.eu\/wp-content\/uploads\/sites\/30\/2025\/09\/LogoV1_SAVOIR_by_NOUS.png","width":1372,"height":230,"caption":"NOUS - Ouvert, Utile & Simple"},"image":{"@id":"https:\/\/savoir.avecnous.eu\/#\/schema\/logo\/image\/"},"sameAs":["https:\/\/www.facebook.com\/agencenous\/","https:\/\/www.instagram.com\/agencenous_\/","https:\/\/fr.linkedin.com\/company\/avecnous"]}]}},"_links":{"self":[{"href":"https:\/\/savoir.avecnous.eu\/en\/wp-json\/wp\/v2\/pages\/680","targetHints":{"allow":["GET"]}}],"collection":[{"href":"https:\/\/savoir.avecnous.eu\/en\/wp-json\/wp\/v2\/pages"}],"about":[{"href":"https:\/\/savoir.avecnous.eu\/en\/wp-json\/wp\/v2\/types\/page"}],"author":[{"embeddable":true,"href":"https:\/\/savoir.avecnous.eu\/en\/wp-json\/wp\/v2\/users\/1"}],"replies":[{"embeddable":true,"href":"https:\/\/savoir.avecnous.eu\/en\/wp-json\/wp\/v2\/comments?post=680"}],"version-history":[{"count":6,"href":"https:\/\/savoir.avecnous.eu\/en\/wp-json\/wp\/v2\/pages\/680\/revisions"}],"predecessor-version":[{"id":1304,"href":"https:\/\/savoir.avecnous.eu\/en\/wp-json\/wp\/v2\/pages\/680\/revisions\/1304"}],"wp:attachment":[{"href":"https:\/\/savoir.avecnous.eu\/en\/wp-json\/wp\/v2\/media?parent=680"}],"wp:term":[{"taxonomy":"category","embeddable":true,"href":"https:\/\/savoir.avecnous.eu\/en\/wp-json\/wp\/v2\/categories?post=680"},{"taxonomy":"post_tag","embeddable":true,"href":"https:\/\/savoir.avecnous.eu\/en\/wp-json\/wp\/v2\/tags?post=680"}],"curies":[{"name":"wp","href":"https:\/\/api.w.org\/{rel}","templated":true}]}}