{"id":912,"date":"2025-09-23T15:58:30","date_gmt":"2025-09-23T13:58:30","guid":{"rendered":"https:\/\/savoir.avecnous.eu\/?page_id=912"},"modified":"2025-09-30T09:35:57","modified_gmt":"2025-09-30T07:35:57","slug":"mentions-legales","status":"publish","type":"page","link":"https:\/\/savoir.avecnous.eu\/en\/mentions-legales\/","title":{"rendered":"Legal mentions"},"content":{"rendered":"\n<p>NOUS \u2013 Ouvert, Utile et Simple (SAS)<br>11 rue des Oli\u00e8res, 31310 MONTESQUIEU-VOLVESTRE<br>t\u00e9l. : \u00a0<a href=\"tel:+33582956656\">+33 5 82 95 66 56<\/a><br>email : <a href=\"mailto:support@avecnous.eu\">support[at]avecnous.eu<\/a><\/p>\n\n\n\n<p>Soci\u00e9t\u00e9 par Actions Simplifi\u00e9e au capital de 1000 euros.<br>RCS 802 195 925 000 10<br>Code APE : 6311Z<br>N\u00b0 TVA : FR 36 802 195 925<\/p>\n\n\n\n<p>Responsable de la publication : Bastien Ho<\/p>\n\n\n\n<p>Site h\u00e9berg\u00e9 par Infomaniak Network SA \u2013 Rue Eug\u00e8ne Marziano 25 \u2013 1227 Les Acacias (GE) \u2013 SUISSE<\/p>\n","protected":false},"excerpt":{"rendered":"<p>NOUS \u2013 Ouvert, Utile et Simple (SAS)11 rue des Oli\u00e8res, 31310 MONTESQUIEU-VOLVESTREt\u00e9l. : \u00a0+33 5 82 95 66 56email : support[at]avecnous.eu Soci\u00e9t\u00e9 par Actions Simplifi\u00e9e au capital de 1000 euros.RCS 802 195 925 000 10Code APE : 6311ZN\u00b0 TVA : FR 36 802 195 925 Responsable de la publication : Bastien Ho Site h\u00e9berg\u00e9 par [&hellip;]<\/p>\n","protected":false},"author":263,"featured_media":0,"parent":0,"menu_order":0,"comment_status":"closed","ping_status":"closed","template":"","meta":{"_eb_attr":"","ep_exclude_from_search":false,"footnotes":""},"categories":[],"tags":[],"class_list":["post-912","page","type-page","status-publish","hentry"],"yoast_head":"<!-- This site is optimized with the Yoast SEO plugin v27.4 - https:\/\/yoast.com\/product\/yoast-seo-wordpress\/ -->\n<title>Mentions l\u00e9gales - SAVOIR - Base de connaissances NOUS Ouvert, Utile &amp; Simple<\/title>\n<meta name=\"robots\" content=\"index, follow, max-snippet:-1, max-image-preview:large, max-video-preview:-1\" \/>\n<link rel=\"canonical\" href=\"https:\/\/savoir.avecnous.eu\/en\/mentions-legales\/\" \/>\n<meta property=\"og:locale\" content=\"en_GB\" \/>\n<meta property=\"og:type\" content=\"article\" \/>\n<meta property=\"og:title\" content=\"Mentions l\u00e9gales - SAVOIR - Base de connaissances NOUS Ouvert, Utile &amp; Simple\" \/>\n<meta property=\"og:description\" content=\"NOUS \u2013 Ouvert, Utile et Simple (SAS)11 rue des Oli\u00e8res, 31310 MONTESQUIEU-VOLVESTREt\u00e9l. : \u00a0+33 5 82 95 66 56email : support[at]avecnous.eu Soci\u00e9t\u00e9 par Actions Simplifi\u00e9e au capital de 1000 euros.RCS 802 195 925 000 10Code APE : 6311ZN\u00b0 TVA : FR 36 802 195 925 Responsable de la publication : Bastien Ho Site h\u00e9berg\u00e9 par [&hellip;]\" \/>\n<meta property=\"og:url\" content=\"https:\/\/savoir.avecnous.eu\/en\/mentions-legales\/\" \/>\n<meta property=\"og:site_name\" content=\"SAVOIR - Base de connaissances NOUS Ouvert, Utile &amp; Simple\" \/>\n<meta property=\"article:publisher\" content=\"https:\/\/www.facebook.com\/agencenous\/\" \/>\n<meta property=\"article:modified_time\" content=\"2025-09-30T07:35:57+00:00\" \/>\n<meta name=\"twitter:card\" content=\"summary_large_image\" \/>\n<meta name=\"twitter:label1\" content=\"Estimated reading time\" \/>\n\t<meta name=\"twitter:data1\" content=\"1 minute\" \/>\n<script type=\"application\/ld+json\" class=\"yoast-schema-graph\">{\"@context\":\"https:\\\/\\\/schema.org\",\"@graph\":[{\"@type\":\"WebPage\",\"@id\":\"https:\\\/\\\/savoir.avecnous.eu\\\/mentions-legales\\\/\",\"url\":\"https:\\\/\\\/savoir.avecnous.eu\\\/mentions-legales\\\/\",\"name\":\"Mentions l\u00e9gales - SAVOIR - Base de connaissances NOUS Ouvert, Utile & Simple\",\"isPartOf\":{\"@id\":\"https:\\\/\\\/savoir.avecnous.eu\\\/#website\"},\"datePublished\":\"2025-09-23T13:58:30+00:00\",\"dateModified\":\"2025-09-30T07:35:57+00:00\",\"breadcrumb\":{\"@id\":\"https:\\\/\\\/savoir.avecnous.eu\\\/mentions-legales\\\/#breadcrumb\"},\"inLanguage\":\"en-GB\",\"potentialAction\":[{\"@type\":\"ReadAction\",\"target\":[\"https:\\\/\\\/savoir.avecnous.eu\\\/mentions-legales\\\/\"]}]},{\"@type\":\"BreadcrumbList\",\"@id\":\"https:\\\/\\\/savoir.avecnous.eu\\\/mentions-legales\\\/#breadcrumb\",\"itemListElement\":[{\"@type\":\"ListItem\",\"position\":1,\"name\":\"Accueil\",\"item\":\"https:\\\/\\\/savoir.avecnous.eu\\\/\"},{\"@type\":\"ListItem\",\"position\":2,\"name\":\"Mentions l\u00e9gales\"}]},{\"@type\":\"WebSite\",\"@id\":\"https:\\\/\\\/savoir.avecnous.eu\\\/#website\",\"url\":\"https:\\\/\\\/savoir.avecnous.eu\\\/\",\"name\":\"Savoir by NOUS\",\"description\":\"Base de connaissance - NOUS Ouvert, Utile &amp; Simple\",\"publisher\":{\"@id\":\"https:\\\/\\\/savoir.avecnous.eu\\\/#organization\"},\"potentialAction\":[{\"@type\":\"SearchAction\",\"target\":{\"@type\":\"EntryPoint\",\"urlTemplate\":\"https:\\\/\\\/savoir.avecnous.eu\\\/?s={search_term_string}\"},\"query-input\":{\"@type\":\"PropertyValueSpecification\",\"valueRequired\":true,\"valueName\":\"search_term_string\"}}],\"inLanguage\":\"en-GB\"},{\"@type\":\"Organization\",\"@id\":\"https:\\\/\\\/savoir.avecnous.eu\\\/#organization\",\"name\":\"NOUS - Ouvert, Utile & Simple\",\"url\":\"https:\\\/\\\/savoir.avecnous.eu\\\/\",\"logo\":{\"@type\":\"ImageObject\",\"inLanguage\":\"en-GB\",\"@id\":\"https:\\\/\\\/savoir.avecnous.eu\\\/#\\\/schema\\\/logo\\\/image\\\/\",\"url\":\"https:\\\/\\\/savoir.avecnous.eu\\\/wp-content\\\/uploads\\\/sites\\\/30\\\/2025\\\/09\\\/LogoV1_SAVOIR_by_NOUS.png\",\"contentUrl\":\"https:\\\/\\\/savoir.avecnous.eu\\\/wp-content\\\/uploads\\\/sites\\\/30\\\/2025\\\/09\\\/LogoV1_SAVOIR_by_NOUS.png\",\"width\":1372,\"height\":230,\"caption\":\"NOUS - Ouvert, Utile & Simple\"},\"image\":{\"@id\":\"https:\\\/\\\/savoir.avecnous.eu\\\/#\\\/schema\\\/logo\\\/image\\\/\"},\"sameAs\":[\"https:\\\/\\\/www.facebook.com\\\/agencenous\\\/\",\"https:\\\/\\\/www.instagram.com\\\/agencenous_\\\/\",\"https:\\\/\\\/fr.linkedin.com\\\/company\\\/avecnous\"]}]}<\/script>\n<!-- \/ Yoast SEO plugin. -->","yoast_head_json":{"title":"Mentions l\u00e9gales - SAVOIR - Base de connaissances NOUS Ouvert, Utile & Simple","robots":{"index":"index","follow":"follow","max-snippet":"max-snippet:-1","max-image-preview":"max-image-preview:large","max-video-preview":"max-video-preview:-1"},"canonical":"https:\/\/savoir.avecnous.eu\/en\/mentions-legales\/","og_locale":"en_GB","og_type":"article","og_title":"Mentions l\u00e9gales - SAVOIR - Base de connaissances NOUS Ouvert, Utile & Simple","og_description":"NOUS \u2013 Ouvert, Utile et Simple (SAS)11 rue des Oli\u00e8res, 31310 MONTESQUIEU-VOLVESTREt\u00e9l. : \u00a0+33 5 82 95 66 56email : support[at]avecnous.eu Soci\u00e9t\u00e9 par Actions Simplifi\u00e9e au capital de 1000 euros.RCS 802 195 925 000 10Code APE : 6311ZN\u00b0 TVA : FR 36 802 195 925 Responsable de la publication : Bastien Ho Site h\u00e9berg\u00e9 par [&hellip;]","og_url":"https:\/\/savoir.avecnous.eu\/en\/mentions-legales\/","og_site_name":"SAVOIR - Base de connaissances NOUS Ouvert, Utile & Simple","article_publisher":"https:\/\/www.facebook.com\/agencenous\/","article_modified_time":"2025-09-30T07:35:57+00:00","twitter_card":"summary_large_image","twitter_misc":{"Estimated reading time":"1 minute"},"schema":{"@context":"https:\/\/schema.org","@graph":[{"@type":"WebPage","@id":"https:\/\/savoir.avecnous.eu\/mentions-legales\/","url":"https:\/\/savoir.avecnous.eu\/mentions-legales\/","name":"Mentions l\u00e9gales - SAVOIR - Base de connaissances NOUS Ouvert, Utile & Simple","isPartOf":{"@id":"https:\/\/savoir.avecnous.eu\/#website"},"datePublished":"2025-09-23T13:58:30+00:00","dateModified":"2025-09-30T07:35:57+00:00","breadcrumb":{"@id":"https:\/\/savoir.avecnous.eu\/mentions-legales\/#breadcrumb"},"inLanguage":"en-GB","potentialAction":[{"@type":"ReadAction","target":["https:\/\/savoir.avecnous.eu\/mentions-legales\/"]}]},{"@type":"BreadcrumbList","@id":"https:\/\/savoir.avecnous.eu\/mentions-legales\/#breadcrumb","itemListElement":[{"@type":"ListItem","position":1,"name":"Accueil","item":"https:\/\/savoir.avecnous.eu\/"},{"@type":"ListItem","position":2,"name":"Mentions l\u00e9gales"}]},{"@type":"WebSite","@id":"https:\/\/savoir.avecnous.eu\/#website","url":"https:\/\/savoir.avecnous.eu\/","name":"Savoir by NOUS","description":"Base de connaissance - NOUS Ouvert, Utile &amp; Simple","publisher":{"@id":"https:\/\/savoir.avecnous.eu\/#organization"},"potentialAction":[{"@type":"SearchAction","target":{"@type":"EntryPoint","urlTemplate":"https:\/\/savoir.avecnous.eu\/?s={search_term_string}"},"query-input":{"@type":"PropertyValueSpecification","valueRequired":true,"valueName":"search_term_string"}}],"inLanguage":"en-GB"},{"@type":"Organization","@id":"https:\/\/savoir.avecnous.eu\/#organization","name":"NOUS - Ouvert, Utile & Simple","url":"https:\/\/savoir.avecnous.eu\/","logo":{"@type":"ImageObject","inLanguage":"en-GB","@id":"https:\/\/savoir.avecnous.eu\/#\/schema\/logo\/image\/","url":"https:\/\/savoir.avecnous.eu\/wp-content\/uploads\/sites\/30\/2025\/09\/LogoV1_SAVOIR_by_NOUS.png","contentUrl":"https:\/\/savoir.avecnous.eu\/wp-content\/uploads\/sites\/30\/2025\/09\/LogoV1_SAVOIR_by_NOUS.png","width":1372,"height":230,"caption":"NOUS - Ouvert, Utile & Simple"},"image":{"@id":"https:\/\/savoir.avecnous.eu\/#\/schema\/logo\/image\/"},"sameAs":["https:\/\/www.facebook.com\/agencenous\/","https:\/\/www.instagram.com\/agencenous_\/","https:\/\/fr.linkedin.com\/company\/avecnous"]}]}},"_links":{"self":[{"href":"https:\/\/savoir.avecnous.eu\/en\/wp-json\/wp\/v2\/pages\/912","targetHints":{"allow":["GET"]}}],"collection":[{"href":"https:\/\/savoir.avecnous.eu\/en\/wp-json\/wp\/v2\/pages"}],"about":[{"href":"https:\/\/savoir.avecnous.eu\/en\/wp-json\/wp\/v2\/types\/page"}],"author":[{"embeddable":true,"href":"https:\/\/savoir.avecnous.eu\/en\/wp-json\/wp\/v2\/users\/263"}],"replies":[{"embeddable":true,"href":"https:\/\/savoir.avecnous.eu\/en\/wp-json\/wp\/v2\/comments?post=912"}],"version-history":[{"count":2,"href":"https:\/\/savoir.avecnous.eu\/en\/wp-json\/wp\/v2\/pages\/912\/revisions"}],"predecessor-version":[{"id":1204,"href":"https:\/\/savoir.avecnous.eu\/en\/wp-json\/wp\/v2\/pages\/912\/revisions\/1204"}],"wp:attachment":[{"href":"https:\/\/savoir.avecnous.eu\/en\/wp-json\/wp\/v2\/media?parent=912"}],"wp:term":[{"taxonomy":"category","embeddable":true,"href":"https:\/\/savoir.avecnous.eu\/en\/wp-json\/wp\/v2\/categories?post=912"},{"taxonomy":"post_tag","embeddable":true,"href":"https:\/\/savoir.avecnous.eu\/en\/wp-json\/wp\/v2\/tags?post=912"}],"curies":[{"name":"wp","href":"https:\/\/api.w.org\/{rel}","templated":true}]}}