{"id":914,"date":"2025-09-23T15:58:51","date_gmt":"2025-09-23T13:58:51","guid":{"rendered":"https:\/\/savoir.avecnous.eu\/?page_id=914"},"modified":"2025-11-28T12:20:08","modified_gmt":"2025-11-28T11:20:08","slug":"politique-de-confidentialites","status":"publish","type":"page","link":"https:\/\/savoir.avecnous.eu\/en\/politique-de-confidentialites\/","title":{"rendered":"Privacy policy"},"content":{"rendered":"<h2 class=\"wp-block-heading\" id=\"qui-sommesnousnbsp\">Qui sommes-nous ?<\/h2>\n\n\n<p>L\u2019adresse de notre site Web est&nbsp;: https:\/\/www.avecnous.eu.<\/p>\n\n\n<h2 class=\"wp-block-heading\" id=\"utilisation-des-donnees-personnelles-collectees\">Utilisation des donn\u00e9es personnelles collect\u00e9es<\/h2>\n\n<h3 class=\"wp-block-heading\" id=\"medias\">M\u00e9dias<\/h3>\n\n\n<p>Si vous \u00eates un utilisateur ou une utilisatrice enregistr\u00e9\u00b7e et que vous t\u00e9l\u00e9versez des images sur le site web, nous vous conseillons d\u2019\u00e9viter de t\u00e9l\u00e9verser des images contenant des donn\u00e9es EXIF de coordonn\u00e9es GPS. Les visiteurs de votre site web peuvent t\u00e9l\u00e9charger et extraire des donn\u00e9es de localisation depuis ces images.<\/p>\n\n\n<h3 class=\"wp-block-heading\" id=\"formulaires-de-contact\">Formulaires de contact<\/h3>\n\n\n<p>Les donn\u00e9es que vous fournissez via le formulaire de contact sont modifiables \u00e0 tout moment, et vous pouvez en demander la suppression. Il vous suffit pour cela d\u2019\u00e9crire \u00e0 nous[at]avecnous.eu.<\/p>\n\n\n<h3 class=\"wp-block-heading\" id=\"cookies\">Cookies<\/h3>\n\n\n<p>Si vous vous rendez sur la page de connexion, un cookie temporaire sera cr\u00e9\u00e9 afin de d\u00e9terminer si votre navigateur accepte les cookies. Il ne contient pas de donn\u00e9es personnelles et sera supprim\u00e9 automatiquement \u00e0 la fermeture de votre navigateur.<\/p>\n\n\n\n<p>En modifiant ou en publiant une publication, un cookie suppl\u00e9mentaire sera enregistr\u00e9 dans votre navigateur. Ce cookie ne comprend aucune donn\u00e9e personnelle. Il indique simplement l\u2019ID de la publication que vous venez de modifier. Il expire au bout d\u2019un jour.<\/p>\n\n\n<h3 class=\"wp-block-heading\" id=\"contenu-embarque-depuis-dautres-sites\">Contenu embarqu\u00e9 depuis d\u2019autres sites<\/h3>\n\n\n<p>Les articles de ce site peuvent inclure des contenus int\u00e9gr\u00e9s (par exemple des vid\u00e9os, images, articles\u2026). Le contenu int\u00e9gr\u00e9 depuis d\u2019autres sites se comporte de la m\u00eame mani\u00e8re que si le visiteur se rendait sur cet autre site.<\/p>\n\n\n\n<p>Ces sites web pourraient collecter des donn\u00e9es sur vous, utiliser des cookies, embarquer des outils de suivis tiers, suivre vos interactions avec ces contenus embarqu\u00e9s si vous disposez d\u2019un compte connect\u00e9 sur leur site web.<\/p>\n\n\n<h3 class=\"wp-block-heading\" id=\"statistiques-et-mesures-daudience\">Statistiques et mesures d\u2019audience<\/h3>\n\n\n<p>Nous utilisons Matomo, solution libre pour avoir une visibilit\u00e9 sur la fr\u00e9quention de l\u2019audience sur notre site internet.<\/p>\n\n\n<h2 class=\"wp-block-heading\" id=\"durees-de-stockage-de-vos-donnees\">Dur\u00e9es de stockage de vos donn\u00e9es<\/h2>\n\n\n<p>Pour les utilisateurs et utilisatrices qui s\u2019inscrivent sur notre site (si cela est possible), nous stockons les donn\u00e9es personnelles indiqu\u00e9es dans leur profil. Tous les utilisateurs et utilisatrices peuvent voir, modifier ou supprimer leurs informations personnelles \u00e0 tout moment (\u00e0 l\u2019exception de leur nom d\u2019utilisateur\u00b7ice). Les gestionnaires du site peuvent aussi voir et modifier ces informations.<\/p>\n\n\n<h2 class=\"wp-block-heading\" id=\"les-droits-que-vous-avez-sur-vos-donnees\">Les droits que vous avez sur vos donn\u00e9es<\/h2>\n\n\n<p>Si vous avez un compte ou si vous avez laiss\u00e9 des commentaires sur le site, vous pouvez demander \u00e0 recevoir un fichier contenant toutes les donn\u00e9es personnelles que nous poss\u00e9dons \u00e0 votre sujet, incluant celles que vous nous avez fournies. Vous pouvez \u00e9galement demander la suppression des donn\u00e9es personnelles vous concernant. Cela ne prend pas en compte les donn\u00e9es stock\u00e9es \u00e0 des fins administratives, l\u00e9gales ou pour des raisons de s\u00e9curit\u00e9.<\/p>\n","protected":false},"excerpt":{"rendered":"<p>Qui sommes-nous&nbsp;? L\u2019adresse de notre site Web est&nbsp;: https:\/\/www.avecnous.eu. Utilisation des donn\u00e9es personnelles collect\u00e9es M\u00e9dias Si vous \u00eates un utilisateur ou une utilisatrice enregistr\u00e9\u00b7e et que vous t\u00e9l\u00e9versez des images sur le site web, nous vous conseillons d\u2019\u00e9viter de t\u00e9l\u00e9verser des images contenant des donn\u00e9es EXIF de coordonn\u00e9es GPS. Les visiteurs de votre site web [&hellip;]<\/p>\n","protected":false},"author":263,"featured_media":0,"parent":0,"menu_order":0,"comment_status":"closed","ping_status":"closed","template":"","meta":{"_eb_attr":"","ep_exclude_from_search":false,"footnotes":""},"categories":[],"tags":[],"class_list":["post-914","page","type-page","status-publish","hentry"],"yoast_head":"<!-- This site is optimized with the Yoast SEO plugin v27.4 - https:\/\/yoast.com\/product\/yoast-seo-wordpress\/ -->\n<title>Politique de confidentialit\u00e9s - SAVOIR - Base de connaissances NOUS Ouvert, Utile &amp; Simple<\/title>\n<meta name=\"robots\" content=\"index, follow, max-snippet:-1, max-image-preview:large, max-video-preview:-1\" \/>\n<link rel=\"canonical\" href=\"https:\/\/savoir.avecnous.eu\/en\/politique-de-confidentialites\/\" \/>\n<meta property=\"og:locale\" content=\"en_GB\" \/>\n<meta property=\"og:type\" content=\"article\" \/>\n<meta property=\"og:title\" content=\"Politique de confidentialit\u00e9s - SAVOIR - Base de connaissances NOUS Ouvert, Utile &amp; Simple\" \/>\n<meta property=\"og:description\" content=\"Qui sommes-nous&nbsp;? L\u2019adresse de notre site Web est&nbsp;: https:\/\/www.avecnous.eu. Utilisation des donn\u00e9es personnelles collect\u00e9es M\u00e9dias Si vous \u00eates un utilisateur ou une utilisatrice enregistr\u00e9\u00b7e et que vous t\u00e9l\u00e9versez des images sur le site web, nous vous conseillons d\u2019\u00e9viter de t\u00e9l\u00e9verser des images contenant des donn\u00e9es EXIF de coordonn\u00e9es GPS. Les visiteurs de votre site web [&hellip;]\" \/>\n<meta property=\"og:url\" content=\"https:\/\/savoir.avecnous.eu\/en\/politique-de-confidentialites\/\" \/>\n<meta property=\"og:site_name\" content=\"SAVOIR - Base de connaissances NOUS Ouvert, Utile &amp; Simple\" \/>\n<meta property=\"article:publisher\" content=\"https:\/\/www.facebook.com\/agencenous\/\" \/>\n<meta property=\"article:modified_time\" content=\"2025-11-28T11:20:08+00:00\" \/>\n<meta name=\"twitter:card\" content=\"summary_large_image\" \/>\n<script type=\"application\/ld+json\" class=\"yoast-schema-graph\">{\"@context\":\"https:\\\/\\\/schema.org\",\"@graph\":[{\"@type\":\"WebPage\",\"@id\":\"https:\\\/\\\/savoir.avecnous.eu\\\/politique-de-confidentialites\\\/\",\"url\":\"https:\\\/\\\/savoir.avecnous.eu\\\/politique-de-confidentialites\\\/\",\"name\":\"Politique de confidentialit\u00e9s - SAVOIR - Base de connaissances NOUS Ouvert, Utile & Simple\",\"isPartOf\":{\"@id\":\"https:\\\/\\\/savoir.avecnous.eu\\\/#website\"},\"datePublished\":\"2025-09-23T13:58:51+00:00\",\"dateModified\":\"2025-11-28T11:20:08+00:00\",\"breadcrumb\":{\"@id\":\"https:\\\/\\\/savoir.avecnous.eu\\\/politique-de-confidentialites\\\/#breadcrumb\"},\"inLanguage\":\"en-GB\",\"potentialAction\":[{\"@type\":\"ReadAction\",\"target\":[\"https:\\\/\\\/savoir.avecnous.eu\\\/politique-de-confidentialites\\\/\"]}]},{\"@type\":\"BreadcrumbList\",\"@id\":\"https:\\\/\\\/savoir.avecnous.eu\\\/politique-de-confidentialites\\\/#breadcrumb\",\"itemListElement\":[{\"@type\":\"ListItem\",\"position\":1,\"name\":\"Accueil\",\"item\":\"https:\\\/\\\/savoir.avecnous.eu\\\/\"},{\"@type\":\"ListItem\",\"position\":2,\"name\":\"Politique de confidentialit\u00e9s\"}]},{\"@type\":\"WebSite\",\"@id\":\"https:\\\/\\\/savoir.avecnous.eu\\\/#website\",\"url\":\"https:\\\/\\\/savoir.avecnous.eu\\\/\",\"name\":\"Savoir by NOUS\",\"description\":\"Base de connaissance - NOUS Ouvert, Utile &amp; Simple\",\"publisher\":{\"@id\":\"https:\\\/\\\/savoir.avecnous.eu\\\/#organization\"},\"potentialAction\":[{\"@type\":\"SearchAction\",\"target\":{\"@type\":\"EntryPoint\",\"urlTemplate\":\"https:\\\/\\\/savoir.avecnous.eu\\\/?s={search_term_string}\"},\"query-input\":{\"@type\":\"PropertyValueSpecification\",\"valueRequired\":true,\"valueName\":\"search_term_string\"}}],\"inLanguage\":\"en-GB\"},{\"@type\":\"Organization\",\"@id\":\"https:\\\/\\\/savoir.avecnous.eu\\\/#organization\",\"name\":\"NOUS - Ouvert, Utile & Simple\",\"url\":\"https:\\\/\\\/savoir.avecnous.eu\\\/\",\"logo\":{\"@type\":\"ImageObject\",\"inLanguage\":\"en-GB\",\"@id\":\"https:\\\/\\\/savoir.avecnous.eu\\\/#\\\/schema\\\/logo\\\/image\\\/\",\"url\":\"https:\\\/\\\/savoir.avecnous.eu\\\/wp-content\\\/uploads\\\/sites\\\/30\\\/2025\\\/09\\\/LogoV1_SAVOIR_by_NOUS.png\",\"contentUrl\":\"https:\\\/\\\/savoir.avecnous.eu\\\/wp-content\\\/uploads\\\/sites\\\/30\\\/2025\\\/09\\\/LogoV1_SAVOIR_by_NOUS.png\",\"width\":1372,\"height\":230,\"caption\":\"NOUS - Ouvert, Utile & Simple\"},\"image\":{\"@id\":\"https:\\\/\\\/savoir.avecnous.eu\\\/#\\\/schema\\\/logo\\\/image\\\/\"},\"sameAs\":[\"https:\\\/\\\/www.facebook.com\\\/agencenous\\\/\",\"https:\\\/\\\/www.instagram.com\\\/agencenous_\\\/\",\"https:\\\/\\\/fr.linkedin.com\\\/company\\\/avecnous\"]}]}<\/script>\n<!-- \/ Yoast SEO plugin. -->","yoast_head_json":{"title":"Politique de confidentialit\u00e9s - SAVOIR - Base de connaissances NOUS Ouvert, Utile & Simple","robots":{"index":"index","follow":"follow","max-snippet":"max-snippet:-1","max-image-preview":"max-image-preview:large","max-video-preview":"max-video-preview:-1"},"canonical":"https:\/\/savoir.avecnous.eu\/en\/politique-de-confidentialites\/","og_locale":"en_GB","og_type":"article","og_title":"Politique de confidentialit\u00e9s - SAVOIR - Base de connaissances NOUS Ouvert, Utile & Simple","og_description":"Qui sommes-nous&nbsp;? L\u2019adresse de notre site Web est&nbsp;: https:\/\/www.avecnous.eu. Utilisation des donn\u00e9es personnelles collect\u00e9es M\u00e9dias Si vous \u00eates un utilisateur ou une utilisatrice enregistr\u00e9\u00b7e et que vous t\u00e9l\u00e9versez des images sur le site web, nous vous conseillons d\u2019\u00e9viter de t\u00e9l\u00e9verser des images contenant des donn\u00e9es EXIF de coordonn\u00e9es GPS. Les visiteurs de votre site web [&hellip;]","og_url":"https:\/\/savoir.avecnous.eu\/en\/politique-de-confidentialites\/","og_site_name":"SAVOIR - Base de connaissances NOUS Ouvert, Utile & Simple","article_publisher":"https:\/\/www.facebook.com\/agencenous\/","article_modified_time":"2025-11-28T11:20:08+00:00","twitter_card":"summary_large_image","schema":{"@context":"https:\/\/schema.org","@graph":[{"@type":"WebPage","@id":"https:\/\/savoir.avecnous.eu\/politique-de-confidentialites\/","url":"https:\/\/savoir.avecnous.eu\/politique-de-confidentialites\/","name":"Politique de confidentialit\u00e9s - SAVOIR - Base de connaissances NOUS Ouvert, Utile & Simple","isPartOf":{"@id":"https:\/\/savoir.avecnous.eu\/#website"},"datePublished":"2025-09-23T13:58:51+00:00","dateModified":"2025-11-28T11:20:08+00:00","breadcrumb":{"@id":"https:\/\/savoir.avecnous.eu\/politique-de-confidentialites\/#breadcrumb"},"inLanguage":"en-GB","potentialAction":[{"@type":"ReadAction","target":["https:\/\/savoir.avecnous.eu\/politique-de-confidentialites\/"]}]},{"@type":"BreadcrumbList","@id":"https:\/\/savoir.avecnous.eu\/politique-de-confidentialites\/#breadcrumb","itemListElement":[{"@type":"ListItem","position":1,"name":"Accueil","item":"https:\/\/savoir.avecnous.eu\/"},{"@type":"ListItem","position":2,"name":"Politique de confidentialit\u00e9s"}]},{"@type":"WebSite","@id":"https:\/\/savoir.avecnous.eu\/#website","url":"https:\/\/savoir.avecnous.eu\/","name":"Savoir by NOUS","description":"Base de connaissance - NOUS Ouvert, Utile &amp; Simple","publisher":{"@id":"https:\/\/savoir.avecnous.eu\/#organization"},"potentialAction":[{"@type":"SearchAction","target":{"@type":"EntryPoint","urlTemplate":"https:\/\/savoir.avecnous.eu\/?s={search_term_string}"},"query-input":{"@type":"PropertyValueSpecification","valueRequired":true,"valueName":"search_term_string"}}],"inLanguage":"en-GB"},{"@type":"Organization","@id":"https:\/\/savoir.avecnous.eu\/#organization","name":"NOUS - Ouvert, Utile & Simple","url":"https:\/\/savoir.avecnous.eu\/","logo":{"@type":"ImageObject","inLanguage":"en-GB","@id":"https:\/\/savoir.avecnous.eu\/#\/schema\/logo\/image\/","url":"https:\/\/savoir.avecnous.eu\/wp-content\/uploads\/sites\/30\/2025\/09\/LogoV1_SAVOIR_by_NOUS.png","contentUrl":"https:\/\/savoir.avecnous.eu\/wp-content\/uploads\/sites\/30\/2025\/09\/LogoV1_SAVOIR_by_NOUS.png","width":1372,"height":230,"caption":"NOUS - Ouvert, Utile & Simple"},"image":{"@id":"https:\/\/savoir.avecnous.eu\/#\/schema\/logo\/image\/"},"sameAs":["https:\/\/www.facebook.com\/agencenous\/","https:\/\/www.instagram.com\/agencenous_\/","https:\/\/fr.linkedin.com\/company\/avecnous"]}]}},"_links":{"self":[{"href":"https:\/\/savoir.avecnous.eu\/en\/wp-json\/wp\/v2\/pages\/914","targetHints":{"allow":["GET"]}}],"collection":[{"href":"https:\/\/savoir.avecnous.eu\/en\/wp-json\/wp\/v2\/pages"}],"about":[{"href":"https:\/\/savoir.avecnous.eu\/en\/wp-json\/wp\/v2\/types\/page"}],"author":[{"embeddable":true,"href":"https:\/\/savoir.avecnous.eu\/en\/wp-json\/wp\/v2\/users\/263"}],"replies":[{"embeddable":true,"href":"https:\/\/savoir.avecnous.eu\/en\/wp-json\/wp\/v2\/comments?post=914"}],"version-history":[{"count":5,"href":"https:\/\/savoir.avecnous.eu\/en\/wp-json\/wp\/v2\/pages\/914\/revisions"}],"predecessor-version":[{"id":1588,"href":"https:\/\/savoir.avecnous.eu\/en\/wp-json\/wp\/v2\/pages\/914\/revisions\/1588"}],"wp:attachment":[{"href":"https:\/\/savoir.avecnous.eu\/en\/wp-json\/wp\/v2\/media?parent=914"}],"wp:term":[{"taxonomy":"category","embeddable":true,"href":"https:\/\/savoir.avecnous.eu\/en\/wp-json\/wp\/v2\/categories?post=914"},{"taxonomy":"post_tag","embeddable":true,"href":"https:\/\/savoir.avecnous.eu\/en\/wp-json\/wp\/v2\/tags?post=914"}],"curies":[{"name":"wp","href":"https:\/\/api.w.org\/{rel}","templated":true}]}}